{"id":327,"date":"2024-02-12T18:16:00","date_gmt":"2024-02-12T18:16:00","guid":{"rendered":"https:\/\/siohcard.com\/?page_id=327"},"modified":"2024-02-12T18:16:00","modified_gmt":"2024-02-12T18:16:00","slug":"termes-et-conditions","status":"publish","type":"page","link":"https:\/\/siohcard.com\/?page_id=327","title":{"rendered":"termes et conditions"},"content":{"rendered":"<p>Termes et conditions<\/p>\n<p>Derni\u00e8re mise \u00e0 jour : 27 FEVRIER 2024<\/p>\n<p>Veuillez lire attentivement ces termes et conditions avant d&rsquo;utiliser notre service.Interpr\u00e9tation et d\u00e9finitions Interpr\u00e9tationLes mots dont la lettre initiale est en majuscule ont des significations d\u00e9finies dans les conditions suivantes. LeLes d\u00e9finitions suivantes auront la m\u00eame signification qu\u2019elles apparaissent au singulier ou au pluriel.D\u00e9finitions Aux fins des pr\u00e9sentes Conditions g\u00e9n\u00e9rales :ReconnaissanceIl s&rsquo;agit des Conditions g\u00e9n\u00e9rales r\u00e9gissant l&rsquo;utilisation de ce Service et de l&rsquo;accord qui s&rsquo;applique entre Vous etl&rsquo;entreprise. Les pr\u00e9sentes conditions g\u00e9n\u00e9rales d\u00e9finissent les droits et obligations de tous les utilisateurs concernant l&rsquo;utilisation duService.Votre acc\u00e8s et votre utilisation du Service sont conditionn\u00e9s \u00e0 votre acceptation et \u00e0 votre respect des pr\u00e9sentes Conditions etConditions. Ces Conditions g\u00e9n\u00e9rales s&rsquo;appliquent \u00e0 tous les visiteurs, utilisateurs et autres personnes qui acc\u00e8dent ou utilisent le Service.En acc\u00e9dant ou en utilisant le Service, vous acceptez d&rsquo;\u00eatre li\u00e9 par les pr\u00e9sentes Conditions g\u00e9n\u00e9rales. Si vous n&rsquo;\u00eates pas d&rsquo;accord avec une partie des pr\u00e9sentes Conditions g\u00e9n\u00e9rales, vous ne pourrez pas acc\u00e9der au Service.Vous d\u00e9clarez que vous avez plus de 18 ans. La Soci\u00e9t\u00e9 n&rsquo;autorise pas les personnes de moins de 18 ans \u00e0 utiliser le Service.Votre acc\u00e8s et votre utilisation du Service sont \u00e9galement conditionn\u00e9s \u00e0 votre acceptation et \u00e0 votre respect de la Politique de confidentialit\u00e9.Politique de la Soci\u00e9t\u00e9. Notre politique de confidentialit\u00e9 d\u00e9crit nos politiques et proc\u00e9dures en mati\u00e8re de collecte, d&rsquo;utilisation etdivulgation de vos informations personnelles lorsque vous utilisez l&rsquo;application ou le site Web et vous informe de votre vie priv\u00e9edroits et comment la loi vous prot\u00e8ge. Veuillez lire attentivement notre politique de confidentialit\u00e9 avant d&rsquo;utiliser notre service.Liens vers d&rsquo;autres sites WebNotre Service peut contenir des liens vers des sites Web ou des services tiers qui ne sont ni d\u00e9tenus ni contr\u00f4l\u00e9s par l&rsquo;Entreprise.La Soci\u00e9t\u00e9 n&rsquo;a aucun contr\u00f4le et n&rsquo;assume aucune responsabilit\u00e9 quant au contenu, aux politiques de confidentialit\u00e9 ou aux pratiques detout site Web ou service tiers. Vous reconnaissez et acceptez en outre que la Soci\u00e9t\u00e9 ne sera pas responsable ou responsable, directement ou indirectement, de tout dommage ou perte caus\u00e9 ou pr\u00e9tendument caus\u00e9 par ou en relation avec l&rsquo;utilisation ou la confiance dans de tels contenus, biens ou services disponibles sur ou via de tels sites Web ou prestations de service.Nous vous conseillons fortement de lire les termes et conditions et les politiques de confidentialit\u00e9 de tout site Web ou service tiers.que Vous visitez.R\u00e9siliationNous pouvons r\u00e9silier ou suspendre votre acc\u00e8s imm\u00e9diatement, sans pr\u00e9avis ni responsabilit\u00e9, pour quelque raison que ce soit,y compris, sans limitation, si vous enfreignez les pr\u00e9sentes conditions g\u00e9n\u00e9rales.En cas de r\u00e9siliation, votre droit d&rsquo;utiliser le service cessera imm\u00e9diatement.Limitation de responsabilit\u00e9Nonobstant tout dommage que vous pourriez subir, l&rsquo;enti\u00e8re responsabilit\u00e9 de la Soci\u00e9t\u00e9 et de l&rsquo;un de ses fournisseurs en vertutoute disposition des pr\u00e9sentes Conditions et votre recours exclusif pour tout ce qui pr\u00e9c\u00e8de seront limit\u00e9s au montantque vous avez effectivement pay\u00e9 via le Service ou 100 USD si vous n&rsquo;avez rien achet\u00e9 via le Service.Dans la mesure permise par la loi applicable, la Soci\u00e9t\u00e9 ou ses fournisseurs ne pourront en aucun cas \u00eatre tenus responsables de tout dommages sp\u00e9ciaux, accessoires, indirects ou cons\u00e9cutifs, quels qu&rsquo;ils soient (y compris, mais sans s&rsquo;y limiter, les dommages pour perte de b\u00e9n\u00e9fices, perte de donn\u00e9es ou d&rsquo;autres informations, interruption d&rsquo;activit\u00e9, blessure corporelle, perte de vie priv\u00e9e d\u00e9coulant de ou li\u00e9 de quelque mani\u00e8re que ce soit \u00e0 l\u2019utilisation ou \u00e0 l\u2019incapacit\u00e9 d\u2019utiliser le Service, un logiciel tiers et\/ou mat\u00e9riel tiers utilis\u00e9 avec le Service, ou autrement en relation avec toute disposition des pr\u00e9sentes Conditions), m\u00eame sila Soci\u00e9t\u00e9 ou tout fournisseur a \u00e9t\u00e9 inform\u00e9 de la possibilit\u00e9 de tels dommages et m\u00eame si le rem\u00e8de \u00e9chouefinalit\u00e9 essentielle.Certains \u00c9tats n&rsquo;autorisent pas l&rsquo;exclusion des garanties implicites ou la limitation de responsabilit\u00e9 en cas de dommages accessoires ou dommages cons\u00e9cutifs, ce qui signifie que certaines des limitations ci-dessus peuvent ne pas s&rsquo;appliquer. Dans ces \u00c9tats, le pouvoir de chaque partie la responsabilit\u00e9 sera limit\u00e9e dans la plus grande mesure permise par la loi.Avis de non-responsabilit\u00e9 \u00ab TEL QUEL \u00bb et \u00ab TEL QUE DISPONIBLE \u00bbLe Service vous est fourni \u00ab TEL QUEL \u00bb et \u00ab TEL QUE DISPONIBLE \u00bb et avec tous les d\u00e9fauts et d\u00e9fauts sans garantie de quelque nature que ce soit. Dans la mesure permise par la loi applicable, la Soci\u00e9t\u00e9, pour son propre compte et pourau nom de ses soci\u00e9t\u00e9s affili\u00e9es et de leurs conc\u00e9dants de licence et prestataires de services respectifs, d\u00e9cline express\u00e9ment toutgaranties, qu&rsquo;elles soient expresses, implicites, l\u00e9gales ou autres, concernant le Service, y compris toutes les garanties implicitesles garanties de qualit\u00e9 marchande, d&rsquo;ad\u00e9quation \u00e0 un usage particulier, de titre et de non-contrefa\u00e7on, et les garanties qui peuventd\u00e9coulent du d\u00e9roulement des transactions, de l&rsquo;ex\u00e9cution, de l&rsquo;utilisation ou des pratiques commerciales. Sans limitation de ce qui pr\u00e9c\u00e8de,la Soci\u00e9t\u00e9 ne fournit aucune garantie ou engagement et ne fait aucune d\u00e9claration<\/p>\n","protected":false},"excerpt":{"rendered":"<p>Termes et conditions Derni\u00e8re mise \u00e0 jour : 27 FEVRIER 2024 Veuillez lire attentivement ces termes et conditions avant d&rsquo;utiliser notre service.Interpr\u00e9tation et d\u00e9finitions Interpr\u00e9tationLes mots dont la lettre initiale est en majuscule ont des significations d\u00e9finies dans les conditions suivantes. LeLes d\u00e9finitions suivantes auront la m\u00eame signification qu\u2019elles apparaissent au singulier ou au pluriel.D\u00e9finitions&#8230;<\/p>\n","protected":false},"author":1,"featured_media":0,"parent":0,"menu_order":0,"comment_status":"closed","ping_status":"closed","template":"","meta":{"_uag_custom_page_level_css":"","_kadence_starter_templates_imported_post":false,"_kad_post_transparent":"default","_kad_post_title":"default","_kad_post_layout":"default","_kad_post_sidebar_id":"","_kad_post_content_style":"default","_kad_post_vertical_padding":"default","_kad_post_feature":"","_kad_post_feature_position":"","_kad_post_header":false,"_kad_post_footer":false,"_kad_post_classname":"","footnotes":""},"class_list":["post-327","page","type-page","status-publish","hentry"],"uagb_featured_image_src":{"full":false,"thumbnail":false,"medium":false,"medium_large":false,"large":false,"1536x1536":false,"2048x2048":false},"uagb_author_info":{"display_name":"sioh","author_link":"https:\/\/siohcard.com\/?author=1"},"uagb_comment_info":0,"uagb_excerpt":"Termes et conditions Derni\u00e8re mise \u00e0 jour : 27 FEVRIER 2024 Veuillez lire attentivement ces termes et conditions avant d&rsquo;utiliser notre service.Interpr\u00e9tation et d\u00e9finitions Interpr\u00e9tationLes mots dont la lettre initiale est en majuscule ont des significations d\u00e9finies dans les conditions suivantes. LeLes d\u00e9finitions suivantes auront la m\u00eame signification qu\u2019elles apparaissent au singulier ou au pluriel.D\u00e9finitions...","_links":{"self":[{"href":"https:\/\/siohcard.com\/index.php?rest_route=\/wp\/v2\/pages\/327","targetHints":{"allow":["GET"]}}],"collection":[{"href":"https:\/\/siohcard.com\/index.php?rest_route=\/wp\/v2\/pages"}],"about":[{"href":"https:\/\/siohcard.com\/index.php?rest_route=\/wp\/v2\/types\/page"}],"author":[{"embeddable":true,"href":"https:\/\/siohcard.com\/index.php?rest_route=\/wp\/v2\/users\/1"}],"replies":[{"embeddable":true,"href":"https:\/\/siohcard.com\/index.php?rest_route=%2Fwp%2Fv2%2Fcomments&post=327"}],"version-history":[{"count":1,"href":"https:\/\/siohcard.com\/index.php?rest_route=\/wp\/v2\/pages\/327\/revisions"}],"predecessor-version":[{"id":328,"href":"https:\/\/siohcard.com\/index.php?rest_route=\/wp\/v2\/pages\/327\/revisions\/328"}],"wp:attachment":[{"href":"https:\/\/siohcard.com\/index.php?rest_route=%2Fwp%2Fv2%2Fmedia&parent=327"}],"curies":[{"name":"wp","href":"https:\/\/api.w.org\/{rel}","templated":true}]}}